{"id":15,"date":"2022-02-15T12:18:47","date_gmt":"2022-02-15T17:18:47","guid":{"rendered":"http:\/\/localhost\/ayc\/?page_id=15"},"modified":"2023-03-12T15:05:00","modified_gmt":"2023-03-12T20:05:00","slug":"nosotros","status":"publish","type":"page","link":"https:\/\/lgtsolar.com\/tienda\/nosotros\/","title":{"rendered":"Nosotros"},"content":{"rendered":"<p class=\"justify animation-1 active\">LGT SOLAR inicia operaciones en el a\u00f1o 2005, con la introducci\u00f3n al mercado local de la baliza LED solar auto contenida Carmanah, concebida y creada a finales de los a\u00f1os 90 por la empresa canadiense Carmanah Technologies Inc, para aplicaciones de se\u00f1alizaci\u00f3n n\u00e1utica. Esta baliza era una soluci\u00f3n de se\u00f1alizaci\u00f3n luminosa ampliamente vanguardista para la \u00e9poca, la cual albergaba la fuente de iluminaci\u00f3n LED, las bater\u00edas, la electr\u00f3nica y el panel solar en un sola pieza compacta y robusta que no requer\u00eda de ning\u00fan componente externo adicional para su funcionamiento y que adem\u00e1s era capaz de operar confiablemente en climas y entornos desafiantes, era la representaci\u00f3n ideal a menor escala de un sistema fotovoltaico aut\u00f3nomo, tanto por su dise\u00f1o, como por su desempe\u00f1o. Este tipo de baliza se fue convirtiendo en los siguientes a\u00f1os en el nuevo paradigma de la se\u00f1alizaci\u00f3n n\u00e1utica, de obst\u00e1culos, de carreteras, as\u00ed como de aer\u00f3dromos y helipuertos remotos. En la actualidad se usan ampliamente para cualquier necesidad de se\u00f1alizaci\u00f3n en general.<\/p>\n<p class=\"justify\">El desarrollo y comercializaci\u00f3n en el mercado local de la baliza LED solar auto contenida Carmanah para se\u00f1alizaci\u00f3n luminosa, ha permitido a LGT SOLAR durante estos 18 a\u00f1os de actividades, adquirir el conocimiento y experiencia necesarios en el campo de la se\u00f1alizaci\u00f3n y la energ\u00eda solar, lo que ha impulsado a la empresa a la incorporaci\u00f3n de otros productos y soluciones complementarios, tales como: boyas para se\u00f1alizaci\u00f3n n\u00e1utica, mangas para indicar la direcci\u00f3n del viento y una amplia gama de soluciones en el campo de la energ\u00eda solar fotovoltaica, entre los cuales destacan los sistemas solares aut\u00f3nomos y de conexi\u00f3n a red para suministro de energ\u00eda.<\/p>\n<p class=\"justify\">Actualmente, con 18 a\u00f1os de experiencia en el mercado nos definimos como una empresa especialista en el suministro, instalaci\u00f3n y puesta en marcha de equipos y soluciones a base de energ\u00eda solar para se\u00f1alizaci\u00f3n luminosa y suministro de energ\u00eda.<\/p>\n","protected":false},"excerpt":{"rendered":"<p>LGT SOLAR inicia operaciones en el a\u00f1o 2005, con la introducci\u00f3n al mercado local de la baliza LED solar auto contenida Carmanah, concebida y creada a finales de los a\u00f1os 90 por la empresa canadiense Carmanah Technologies Inc, para aplicaciones de se\u00f1alizaci\u00f3n n\u00e1utica. Esta baliza era una soluci\u00f3n de se\u00f1alizaci\u00f3n luminosa ampliamente vanguardista para la &hellip;<\/p>\n","protected":false},"author":1,"featured_media":870,"parent":0,"menu_order":0,"comment_status":"closed","ping_status":"closed","template":"templates\/page-nosotros.php","meta":{"footnotes":""},"class_list":["post-15","page","type-page","status-publish","has-post-thumbnail","hentry"],"acf":[],"_links":{"self":[{"href":"https:\/\/lgtsolar.com\/tienda\/wp-json\/wp\/v2\/pages\/15","targetHints":{"allow":["GET"]}}],"collection":[{"href":"https:\/\/lgtsolar.com\/tienda\/wp-json\/wp\/v2\/pages"}],"about":[{"href":"https:\/\/lgtsolar.com\/tienda\/wp-json\/wp\/v2\/types\/page"}],"author":[{"embeddable":true,"href":"https:\/\/lgtsolar.com\/tienda\/wp-json\/wp\/v2\/users\/1"}],"replies":[{"embeddable":true,"href":"https:\/\/lgtsolar.com\/tienda\/wp-json\/wp\/v2\/comments?post=15"}],"version-history":[{"count":3,"href":"https:\/\/lgtsolar.com\/tienda\/wp-json\/wp\/v2\/pages\/15\/revisions"}],"predecessor-version":[{"id":875,"href":"https:\/\/lgtsolar.com\/tienda\/wp-json\/wp\/v2\/pages\/15\/revisions\/875"}],"wp:featuredmedia":[{"embeddable":true,"href":"https:\/\/lgtsolar.com\/tienda\/wp-json\/wp\/v2\/media\/870"}],"wp:attachment":[{"href":"https:\/\/lgtsolar.com\/tienda\/wp-json\/wp\/v2\/media?parent=15"}],"curies":[{"name":"wp","href":"https:\/\/api.w.org\/{rel}","templated":true}]}}