{"id":448,"date":"2022-08-11T09:38:19","date_gmt":"2022-08-11T14:38:19","guid":{"rendered":"https:\/\/studioh-server.eu\/lgt\/?page_id=448"},"modified":"2023-01-12T21:24:07","modified_gmt":"2023-01-13T02:24:07","slug":"aplicacion-maritima","status":"publish","type":"page","link":"https:\/\/lgtsolar.com\/tienda\/aplicacion-maritima\/","title":{"rendered":"Industria Mar\u00edtima"},"content":{"rendered":"<h4><strong>Se\u00f1alizaci\u00f3n N\u00e1utica<\/strong><\/h4>\n<p>&nbsp;<\/p>\n<p>El balizaje del \u00e1mbito marino o llamado tambi\u00e9n Ayudas a la Navegaci\u00f3n (AtoN), comprende cualquier tipo de se\u00f1al, marcador o equipo gu\u00eda que ayuda a los navegantes. Estas ayudas comprenden los faros, boyas y balizas luminosas. Existen balizas especiales cuyo prop\u00f3sito es brindar una ayuda de radio, por ejemplo, los transpondedores AIS.<\/p>\n<p>Las balizas luminosas en el \u00e1mbito marino reciben el nombre de linternas marinas, estos dispositivos pueden ser autocontenidos como los modelos M550, M650H, M850 y M860. Las linternas de alimentaci\u00f3n exterior tienen la capacidad de tener mayor alcance, aunque requieren de un sistema fotovoltaico aislado por separado. Las linternas autocontenidas pueden ser instaladas en boyas facilitando el mantenimiento, o para demarcar lugares de dif\u00edcil acceso. Es necesario que las linternas tengan una adecuada divergencia vertical para aplicaciones flotantes en donde la marea y las olas dificulten la visibilidad.<\/p>\n<p>Respecto de los transpondedores AIS, estos usan un protocolo de comunicaci\u00f3n mar\u00edtima especial llamada NMEA que es transmitida mediante radio VHF. Los sistemas AIS sirven para incrementar la seguridad del tr\u00e1fico mar\u00edtimo, as\u00ed como servir de ayuda adicional durante situaciones de baja visibilidad. <\/p>\n<p>LGT SOLAR esta en capacidad de desarrollar proyectos completos de se\u00f1alizaci\u00f3n mar\u00edtima, de brindar asesor\u00eda para la compra adecuada de equipos o de la implementaci\u00f3n de soluciones especializadas como monitoreo AIS y boyas con sensores oc\u00e9ano-meteorol\u00f3gicos.<\/p>\n","protected":false},"excerpt":{"rendered":"<p>Se\u00f1alizaci\u00f3n N\u00e1utica &nbsp; El balizaje del \u00e1mbito marino o llamado tambi\u00e9n Ayudas a la Navegaci\u00f3n (AtoN), comprende cualquier tipo de se\u00f1al, marcador o equipo gu\u00eda que ayuda a los navegantes. Estas ayudas comprenden los faros, boyas y balizas luminosas. Existen balizas especiales cuyo prop\u00f3sito es brindar una ayuda de radio, por ejemplo, los transpondedores AIS. &hellip;<\/p>\n","protected":false},"author":1,"featured_media":474,"parent":0,"menu_order":0,"comment_status":"closed","ping_status":"closed","template":"templates\/page-industria.php","meta":{"footnotes":""},"class_list":["post-448","page","type-page","status-publish","has-post-thumbnail","hentry"],"acf":[],"_links":{"self":[{"href":"https:\/\/lgtsolar.com\/tienda\/wp-json\/wp\/v2\/pages\/448","targetHints":{"allow":["GET"]}}],"collection":[{"href":"https:\/\/lgtsolar.com\/tienda\/wp-json\/wp\/v2\/pages"}],"about":[{"href":"https:\/\/lgtsolar.com\/tienda\/wp-json\/wp\/v2\/types\/page"}],"author":[{"embeddable":true,"href":"https:\/\/lgtsolar.com\/tienda\/wp-json\/wp\/v2\/users\/1"}],"replies":[{"embeddable":true,"href":"https:\/\/lgtsolar.com\/tienda\/wp-json\/wp\/v2\/comments?post=448"}],"version-history":[{"count":15,"href":"https:\/\/lgtsolar.com\/tienda\/wp-json\/wp\/v2\/pages\/448\/revisions"}],"predecessor-version":[{"id":567,"href":"https:\/\/lgtsolar.com\/tienda\/wp-json\/wp\/v2\/pages\/448\/revisions\/567"}],"wp:featuredmedia":[{"embeddable":true,"href":"https:\/\/lgtsolar.com\/tienda\/wp-json\/wp\/v2\/media\/474"}],"wp:attachment":[{"href":"https:\/\/lgtsolar.com\/tienda\/wp-json\/wp\/v2\/media?parent=448"}],"curies":[{"name":"wp","href":"https:\/\/api.w.org\/{rel}","templated":true}]}}