{"id":543,"date":"2023-01-12T03:46:26","date_gmt":"2023-01-12T08:46:26","guid":{"rendered":"https:\/\/studioh-server.eu\/lgt\/?page_id=543"},"modified":"2023-03-07T10:19:18","modified_gmt":"2023-03-07T15:19:18","slug":"industria-aeronautica","status":"publish","type":"page","link":"https:\/\/lgtsolar.com\/tienda\/industria-aeronautica\/","title":{"rendered":"Industria Aeron\u00e1utica"},"content":{"rendered":"<h4><strong>Se\u00f1alizaci\u00f3n de Aer\u00f3dromos y Helipuertos<\/strong><\/h4>\n<p>&nbsp;<\/p>\n<p>El balizaje para aer\u00f3dromos y helipuertos se denomina a todo el conjunto de luminarias instaladas en tierra y sus accesorios cuyo prop\u00f3sito es ayudar a los pilotos y otros usuarios de las instalaciones aeron\u00e1uticas.<\/p>\n<p>Para aer\u00f3dromos, estas luminarias son usadas para se\u00f1alizar las pistas, zonas de despegue y descenso, as\u00ed como otras \u00e1reas especiales y obstrucciones. Estas luminarias incluyen los sistemas de luces de aproximaci\u00f3n, iluminaci\u00f3n de calle de rodaje y de carrera, letreros gu\u00eda iluminados, mangas de viendo iluminadas entre otros. Para helipuertos, las luminarias son usadas t\u00edpicamente en el \u00e1rea de despegue y aterrizaje.<\/p>\n<p>LGT SOLAR est\u00e1 en capacidad de desarrollar proyectos completos de balizaje aeron\u00e1utico, de brindar asesor\u00eda para la compra adecuada de equipos o de la implementaci\u00f3n de soluciones especializadas como indicadores de viento a medida, sistemas fotovoltaicos con acoplamiento frangible, entre otros.<\/p>\n","protected":false},"excerpt":{"rendered":"<p>Se\u00f1alizaci\u00f3n de Aer\u00f3dromos y Helipuertos &nbsp; El balizaje para aer\u00f3dromos y helipuertos se denomina a todo el conjunto de luminarias instaladas en tierra y sus accesorios cuyo prop\u00f3sito es ayudar a los pilotos y otros usuarios de las instalaciones aeron\u00e1uticas. Para aer\u00f3dromos, estas luminarias son usadas para se\u00f1alizar las pistas, zonas de despegue y descenso, &hellip;<\/p>\n","protected":false},"author":1,"featured_media":466,"parent":0,"menu_order":0,"comment_status":"closed","ping_status":"closed","template":"templates\/page-industria.php","meta":{"footnotes":""},"class_list":["post-543","page","type-page","status-publish","has-post-thumbnail","hentry"],"acf":[],"_links":{"self":[{"href":"https:\/\/lgtsolar.com\/tienda\/wp-json\/wp\/v2\/pages\/543","targetHints":{"allow":["GET"]}}],"collection":[{"href":"https:\/\/lgtsolar.com\/tienda\/wp-json\/wp\/v2\/pages"}],"about":[{"href":"https:\/\/lgtsolar.com\/tienda\/wp-json\/wp\/v2\/types\/page"}],"author":[{"embeddable":true,"href":"https:\/\/lgtsolar.com\/tienda\/wp-json\/wp\/v2\/users\/1"}],"replies":[{"embeddable":true,"href":"https:\/\/lgtsolar.com\/tienda\/wp-json\/wp\/v2\/comments?post=543"}],"version-history":[{"count":5,"href":"https:\/\/lgtsolar.com\/tienda\/wp-json\/wp\/v2\/pages\/543\/revisions"}],"predecessor-version":[{"id":792,"href":"https:\/\/lgtsolar.com\/tienda\/wp-json\/wp\/v2\/pages\/543\/revisions\/792"}],"wp:featuredmedia":[{"embeddable":true,"href":"https:\/\/lgtsolar.com\/tienda\/wp-json\/wp\/v2\/media\/466"}],"wp:attachment":[{"href":"https:\/\/lgtsolar.com\/tienda\/wp-json\/wp\/v2\/media?parent=543"}],"curies":[{"name":"wp","href":"https:\/\/api.w.org\/{rel}","templated":true}]}}