{"id":1042,"date":"2023-04-17T13:00:21","date_gmt":"2023-04-17T18:00:21","guid":{"rendered":"https:\/\/lgt-solar.com\/?post_type=product&#038;p=1042"},"modified":"2024-06-24T00:35:59","modified_gmt":"2024-06-24T05:35:59","slug":"baliza-led-solar-m650h","status":"publish","type":"product","link":"https:\/\/lgtsolar.com\/tienda\/product\/baliza-led-solar-m650h\/","title":{"rendered":"Baliza LED Solar M650H"},"content":{"rendered":"","protected":false},"excerpt":{"rendered":"<p>La linterna M650H ofrece hasta 44 cd IALA de intensidad pico con un dise\u00f1o compacto, liviano y duradero. Cuenta con un sistema de administraci\u00f3n de energ\u00eda y una intuitiva interfaz a bordo. Esta linterna provee una soluci\u00f3n pr\u00e1ctica para marinas, muelles, barcazas, puentes entre otras aplicaciones.<\/p>\n","protected":false},"featured_media":691,"template":"","meta":[],"product_cat":[106,51,50],"product_tag":[],"class_list":["post-1042","product","type-product","status-publish","has-post-thumbnail","hentry","product_cat-acuicultura-y-piscicultura","product_cat-balizas-para-mineria","product_cat-senalizacion-vial"],"acf":[],"_links":{"self":[{"href":"https:\/\/lgtsolar.com\/tienda\/wp-json\/wp\/v2\/product\/1042","targetHints":{"allow":["GET"]}}],"collection":[{"href":"https:\/\/lgtsolar.com\/tienda\/wp-json\/wp\/v2\/product"}],"about":[{"href":"https:\/\/lgtsolar.com\/tienda\/wp-json\/wp\/v2\/types\/product"}],"wp:featuredmedia":[{"embeddable":true,"href":"https:\/\/lgtsolar.com\/tienda\/wp-json\/wp\/v2\/media\/691"}],"wp:attachment":[{"href":"https:\/\/lgtsolar.com\/tienda\/wp-json\/wp\/v2\/media?parent=1042"}],"wp:term":[{"taxonomy":"product_cat","embeddable":true,"href":"https:\/\/lgtsolar.com\/tienda\/wp-json\/wp\/v2\/product_cat?post=1042"},{"taxonomy":"product_tag","embeddable":true,"href":"https:\/\/lgtsolar.com\/tienda\/wp-json\/wp\/v2\/product_tag?post=1042"}],"curies":[{"name":"wp","href":"https:\/\/api.w.org\/{rel}","templated":true}]}}