{"id":1046,"date":"2023-04-17T13:01:55","date_gmt":"2023-04-17T18:01:55","guid":{"rendered":"https:\/\/lgt-solar.com\/?post_type=product&#038;p=1046"},"modified":"2024-06-24T00:37:56","modified_gmt":"2024-06-24T05:37:56","slug":"baliza-led-solar-m550","status":"publish","type":"product","link":"https:\/\/lgtsolar.com\/tienda\/product\/baliza-led-solar-m550\/","title":{"rendered":"Baliza LED Solar M550"},"content":{"rendered":"","protected":false},"excerpt":{"rendered":"<p>La linterna M550 es un modelo compacto y vers\u00e1til, 15 veces m\u00e1s luminosa que su predecesora la popular linterna M502. Est\u00e1 disponible en dos dise\u00f1os de f\u00e1cil montaje y r\u00e1pida instalaci\u00f3n en puertos, marinas, muelles privados y m\u00e1s. La M550 opera con tres bater\u00edas AA de alto desempe\u00f1o y facilidad de reemplazo. La vida \u00fatil esperada es de m\u00e1s de cinco a\u00f1os y tres a\u00f1os de garant\u00eda.<\/p>\n","protected":false},"featured_media":1053,"template":"","meta":[],"product_cat":[51,50],"product_tag":[],"class_list":["post-1046","product","type-product","status-publish","has-post-thumbnail","hentry","product_cat-balizas-para-mineria","product_cat-senalizacion-vial"],"acf":[],"_links":{"self":[{"href":"https:\/\/lgtsolar.com\/tienda\/wp-json\/wp\/v2\/product\/1046","targetHints":{"allow":["GET"]}}],"collection":[{"href":"https:\/\/lgtsolar.com\/tienda\/wp-json\/wp\/v2\/product"}],"about":[{"href":"https:\/\/lgtsolar.com\/tienda\/wp-json\/wp\/v2\/types\/product"}],"wp:featuredmedia":[{"embeddable":true,"href":"https:\/\/lgtsolar.com\/tienda\/wp-json\/wp\/v2\/media\/1053"}],"wp:attachment":[{"href":"https:\/\/lgtsolar.com\/tienda\/wp-json\/wp\/v2\/media?parent=1046"}],"wp:term":[{"taxonomy":"product_cat","embeddable":true,"href":"https:\/\/lgtsolar.com\/tienda\/wp-json\/wp\/v2\/product_cat?post=1046"},{"taxonomy":"product_tag","embeddable":true,"href":"https:\/\/lgtsolar.com\/tienda\/wp-json\/wp\/v2\/product_tag?post=1046"}],"curies":[{"name":"wp","href":"https:\/\/api.w.org\/{rel}","templated":true}]}}