{"id":1224,"date":"2024-04-15T12:21:54","date_gmt":"2024-04-15T17:21:54","guid":{"rendered":"https:\/\/lgtsolar.com\/tienda\/?post_type=product&#038;p=1224"},"modified":"2024-04-15T12:56:40","modified_gmt":"2024-04-15T17:56:40","slug":"flotador-de-una-linea-para-cultivo-de-moluscos-bivalvos","status":"publish","type":"product","link":"https:\/\/lgtsolar.com\/tienda\/product\/flotador-de-una-linea-para-cultivo-de-moluscos-bivalvos\/","title":{"rendered":"Flotador de una l\u00ednea SF40 para cultivo de moluscos bivalvos (Choros, conchas de abanico, etc.)"},"content":{"rendered":"","protected":false},"excerpt":{"rendered":"<p>En el crecimiento temprano de bivalvos es m\u00e1s adecuado usar los flotadores SF40 m\u00e1s peque\u00f1os durante el per\u00edodo de recolecci\u00f3n del ciclo de crecimiento y luego aumentar la flotaci\u00f3n requerida a medida que crece el cultivo utilizando nuestros flotadores MF250 m\u00e1s grandes.<\/p>\n","protected":false},"featured_media":1229,"template":"","meta":[],"product_cat":[15,106],"product_tag":[],"class_list":["post-1224","product","type-product","status-publish","has-post-thumbnail","hentry","product_cat-uncategorized","product_cat-acuicultura-y-piscicultura"],"acf":[],"_links":{"self":[{"href":"https:\/\/lgtsolar.com\/tienda\/wp-json\/wp\/v2\/product\/1224","targetHints":{"allow":["GET"]}}],"collection":[{"href":"https:\/\/lgtsolar.com\/tienda\/wp-json\/wp\/v2\/product"}],"about":[{"href":"https:\/\/lgtsolar.com\/tienda\/wp-json\/wp\/v2\/types\/product"}],"wp:featuredmedia":[{"embeddable":true,"href":"https:\/\/lgtsolar.com\/tienda\/wp-json\/wp\/v2\/media\/1229"}],"wp:attachment":[{"href":"https:\/\/lgtsolar.com\/tienda\/wp-json\/wp\/v2\/media?parent=1224"}],"wp:term":[{"taxonomy":"product_cat","embeddable":true,"href":"https:\/\/lgtsolar.com\/tienda\/wp-json\/wp\/v2\/product_cat?post=1224"},{"taxonomy":"product_tag","embeddable":true,"href":"https:\/\/lgtsolar.com\/tienda\/wp-json\/wp\/v2\/product_tag?post=1224"}],"curies":[{"name":"wp","href":"https:\/\/api.w.org\/{rel}","templated":true}]}}