{"id":1228,"date":"2024-04-15T12:22:03","date_gmt":"2024-04-15T17:22:03","guid":{"rendered":"https:\/\/lgtsolar.com\/tienda\/?post_type=product&#038;p=1228"},"modified":"2024-04-15T12:56:27","modified_gmt":"2024-04-15T17:56:27","slug":"flotador-mf250-de-una-linea-para-cultivo-de-moluscos-bivalvos-copia","status":"publish","type":"product","link":"https:\/\/lgtsolar.com\/tienda\/product\/flotador-mf250-de-una-linea-para-cultivo-de-moluscos-bivalvos-copia\/","title":{"rendered":"Flotador de una l\u00ednea MF250 para cultivo de moluscos bivalvos (Choros, conchas de abanico, etc.)"},"content":{"rendered":"","protected":false},"excerpt":{"rendered":"<p>El flotador de mejillones MF250 tiene la caracter\u00edstica \u00fanica de estar equipado con dos ojos de amarre. Esta caracter\u00edstica es ideal para reducir el efecto de torsi\u00f3n de los flotadores de mejillones de una sola l\u00ednea en la l\u00ednea de amarre y reduce la p\u00e9rdida de flotadores. El dise\u00f1o tambi\u00e9n garantiza que el flotador tenga un perfil bajo en el agua, lo que provoca un movimiento vertical limitado. Todos estos factores culminan en un aumento significativo de los rendimientos durante un per\u00edodo de tiempo m\u00e1s corto para el productor de mejillones.<\/p>\n","protected":false},"featured_media":1225,"template":"","meta":[],"product_cat":[106],"product_tag":[],"class_list":["post-1228","product","type-product","status-publish","has-post-thumbnail","hentry","product_cat-acuicultura-y-piscicultura"],"acf":[],"_links":{"self":[{"href":"https:\/\/lgtsolar.com\/tienda\/wp-json\/wp\/v2\/product\/1228","targetHints":{"allow":["GET"]}}],"collection":[{"href":"https:\/\/lgtsolar.com\/tienda\/wp-json\/wp\/v2\/product"}],"about":[{"href":"https:\/\/lgtsolar.com\/tienda\/wp-json\/wp\/v2\/types\/product"}],"wp:featuredmedia":[{"embeddable":true,"href":"https:\/\/lgtsolar.com\/tienda\/wp-json\/wp\/v2\/media\/1225"}],"wp:attachment":[{"href":"https:\/\/lgtsolar.com\/tienda\/wp-json\/wp\/v2\/media?parent=1228"}],"wp:term":[{"taxonomy":"product_cat","embeddable":true,"href":"https:\/\/lgtsolar.com\/tienda\/wp-json\/wp\/v2\/product_cat?post=1228"},{"taxonomy":"product_tag","embeddable":true,"href":"https:\/\/lgtsolar.com\/tienda\/wp-json\/wp\/v2\/product_tag?post=1228"}],"curies":[{"name":"wp","href":"https:\/\/api.w.org\/{rel}","templated":true}]}}