{"id":1235,"date":"2024-04-15T12:34:10","date_gmt":"2024-04-15T17:34:10","guid":{"rendered":"https:\/\/lgtsolar.com\/tienda\/?post_type=product&#038;p=1235"},"modified":"2024-04-15T12:55:31","modified_gmt":"2024-04-15T17:55:31","slug":"bandeja-clasificadora-tamiz-para-langostinos-o-camarones","status":"publish","type":"product","link":"https:\/\/lgtsolar.com\/tienda\/product\/bandeja-clasificadora-tamiz-para-langostinos-o-camarones\/","title":{"rendered":"Bandeja clasificadora (tamiz) para langostinos o camarones"},"content":{"rendered":"","protected":false},"excerpt":{"rendered":"<p>La selecci\u00f3n de camarones a la edad y el tama\u00f1o apropiados en el momento de la captura inicial es vital para permitir que las especies m\u00e1s peque\u00f1as regresen a su entorno natural en lugar de tener que rechazar una proporci\u00f3n relativamente alta de la captura.<br \/>\nNuestras bandejas clasificadoras de camarones est\u00e1n disponibles en 3 tama\u00f1os: tama\u00f1os de 8 mm, 9 mm y 10 mm (incluida la caja de recolecci\u00f3n).Tambi\u00e9n est\u00e1 disponible una bandeja de preclasificaci\u00f3n de 20 mm que se utiliza para eliminar cangrejos o peces de la captura de camarones.<\/p>\n","protected":false},"featured_media":1236,"template":"","meta":[],"product_cat":[106],"product_tag":[],"class_list":["post-1235","product","type-product","status-publish","has-post-thumbnail","hentry","product_cat-acuicultura-y-piscicultura"],"acf":[],"_links":{"self":[{"href":"https:\/\/lgtsolar.com\/tienda\/wp-json\/wp\/v2\/product\/1235","targetHints":{"allow":["GET"]}}],"collection":[{"href":"https:\/\/lgtsolar.com\/tienda\/wp-json\/wp\/v2\/product"}],"about":[{"href":"https:\/\/lgtsolar.com\/tienda\/wp-json\/wp\/v2\/types\/product"}],"wp:featuredmedia":[{"embeddable":true,"href":"https:\/\/lgtsolar.com\/tienda\/wp-json\/wp\/v2\/media\/1236"}],"wp:attachment":[{"href":"https:\/\/lgtsolar.com\/tienda\/wp-json\/wp\/v2\/media?parent=1235"}],"wp:term":[{"taxonomy":"product_cat","embeddable":true,"href":"https:\/\/lgtsolar.com\/tienda\/wp-json\/wp\/v2\/product_cat?post=1235"},{"taxonomy":"product_tag","embeddable":true,"href":"https:\/\/lgtsolar.com\/tienda\/wp-json\/wp\/v2\/product_tag?post=1235"}],"curies":[{"name":"wp","href":"https:\/\/api.w.org\/{rel}","templated":true}]}}