{"id":1239,"date":"2024-04-15T12:40:08","date_gmt":"2024-04-15T17:40:08","guid":{"rendered":"https:\/\/lgtsolar.com\/tienda\/?post_type=product&#038;p=1239"},"modified":"2024-04-15T15:30:27","modified_gmt":"2024-04-15T20:30:27","slug":"cajas-para-acuicultura","status":"publish","type":"product","link":"https:\/\/lgtsolar.com\/tienda\/product\/cajas-para-acuicultura\/","title":{"rendered":"Cajas para Acuicultura"},"content":{"rendered":"","protected":false},"excerpt":{"rendered":"<p>Nuestras cajas de acuicultura presentan una soluci\u00f3n de almacenamiento \u00f3ptima para las necesidades marinas y acu\u00edcolas, disponibles en dise\u00f1os de doble y simple pared para un uso vers\u00e1til. Ya sea que elija la pared doble para un aislamiento mejorado o la pared simple para fines generales, espere una combinaci\u00f3n de confiabilidad, conveniencia y durabilidad en esta innovadora soluci\u00f3n de almacenamiento. Estas cajas est\u00e1n disponibles en tama\u00f1os de 600L y 990L e incorporan tecnolog\u00eda de doble pared para garantizar opciones de aislamiento, preservando y la frescura.<\/p>\n","protected":false},"featured_media":1240,"template":"","meta":[],"product_cat":[106],"product_tag":[],"class_list":["post-1239","product","type-product","status-publish","has-post-thumbnail","hentry","product_cat-acuicultura-y-piscicultura"],"acf":[],"_links":{"self":[{"href":"https:\/\/lgtsolar.com\/tienda\/wp-json\/wp\/v2\/product\/1239","targetHints":{"allow":["GET"]}}],"collection":[{"href":"https:\/\/lgtsolar.com\/tienda\/wp-json\/wp\/v2\/product"}],"about":[{"href":"https:\/\/lgtsolar.com\/tienda\/wp-json\/wp\/v2\/types\/product"}],"wp:featuredmedia":[{"embeddable":true,"href":"https:\/\/lgtsolar.com\/tienda\/wp-json\/wp\/v2\/media\/1240"}],"wp:attachment":[{"href":"https:\/\/lgtsolar.com\/tienda\/wp-json\/wp\/v2\/media?parent=1239"}],"wp:term":[{"taxonomy":"product_cat","embeddable":true,"href":"https:\/\/lgtsolar.com\/tienda\/wp-json\/wp\/v2\/product_cat?post=1239"},{"taxonomy":"product_tag","embeddable":true,"href":"https:\/\/lgtsolar.com\/tienda\/wp-json\/wp\/v2\/product_tag?post=1239"}],"curies":[{"name":"wp","href":"https:\/\/api.w.org\/{rel}","templated":true}]}}