{"id":1243,"date":"2024-04-15T12:51:24","date_gmt":"2024-04-15T17:51:24","guid":{"rendered":"https:\/\/lgtsolar.com\/tienda\/?post_type=product&#038;p=1243"},"modified":"2024-06-26T13:48:37","modified_gmt":"2024-06-26T18:48:37","slug":"boyarin-nav01-de-600mm-de-diametro","status":"publish","type":"product","link":"https:\/\/lgtsolar.com\/tienda\/product\/boyarin-nav01-de-600mm-de-diametro\/","title":{"rendered":"Boyarin NAV01 de 600mm de di\u00e1metro"},"content":{"rendered":"","protected":false},"excerpt":{"rendered":"<p>Fabricado con polietileno resistente y duradero, el NAV01 est\u00e1 relleno de espuma con lastre interno para mayor resistencia y durabilidad. Peque\u00f1o y ligero, tiene un dise\u00f1o de pilar con una altura focal nominal de 1000 mm. El NAV01 est\u00e1 equipado con dos argollas de elevaci\u00f3n para facilitar la maniobrabilidad durante la instalaci\u00f3n o el mantenimiento.<\/p>\n","protected":false},"featured_media":1245,"template":"","meta":[],"product_cat":[106],"product_tag":[167,157,165,166,158,168,163],"class_list":["post-1243","product","type-product","status-publish","has-post-thumbnail","hentry","product_cat-acuicultura-y-piscicultura","product_tag-acuicultura","product_tag-balizamiento","product_tag-boya","product_tag-boyarin","product_tag-marina","product_tag-piscicultura","product_tag-senalizacion"],"acf":[],"_links":{"self":[{"href":"https:\/\/lgtsolar.com\/tienda\/wp-json\/wp\/v2\/product\/1243","targetHints":{"allow":["GET"]}}],"collection":[{"href":"https:\/\/lgtsolar.com\/tienda\/wp-json\/wp\/v2\/product"}],"about":[{"href":"https:\/\/lgtsolar.com\/tienda\/wp-json\/wp\/v2\/types\/product"}],"wp:featuredmedia":[{"embeddable":true,"href":"https:\/\/lgtsolar.com\/tienda\/wp-json\/wp\/v2\/media\/1245"}],"wp:attachment":[{"href":"https:\/\/lgtsolar.com\/tienda\/wp-json\/wp\/v2\/media?parent=1243"}],"wp:term":[{"taxonomy":"product_cat","embeddable":true,"href":"https:\/\/lgtsolar.com\/tienda\/wp-json\/wp\/v2\/product_cat?post=1243"},{"taxonomy":"product_tag","embeddable":true,"href":"https:\/\/lgtsolar.com\/tienda\/wp-json\/wp\/v2\/product_tag?post=1243"}],"curies":[{"name":"wp","href":"https:\/\/api.w.org\/{rel}","templated":true}]}}