{"id":1252,"date":"2024-04-15T15:46:06","date_gmt":"2024-04-15T20:46:06","guid":{"rendered":"https:\/\/lgtsolar.com\/tienda\/?post_type=product&#038;p=1252"},"modified":"2024-04-15T15:53:46","modified_gmt":"2024-04-15T20:53:46","slug":"balizas-esfericas-para-lineas-de-transmision","status":"publish","type":"product","link":"https:\/\/lgtsolar.com\/tienda\/product\/balizas-esfericas-para-lineas-de-transmision\/","title":{"rendered":"Balizas Esf\u00e9ricas para L\u00edneas de Transmisi\u00f3n"},"content":{"rendered":"","protected":false},"excerpt":{"rendered":"<p>Descripci\u00f3n corta deDise\u00f1ado para usarse en l\u00edneas de transmisi\u00f3n de gran altura, especialmente para cables de transmisi\u00f3n EHV (500,000 KV), l\u00edneas de transmisi\u00f3n que cruzan r\u00edos para proporcionar marcas de advertencia.l producto.<\/p>\n","protected":false},"featured_media":1254,"template":"","meta":[],"product_cat":[107],"product_tag":[],"class_list":["post-1252","product","type-product","status-publish","has-post-thumbnail","hentry","product_cat-senalizacion-de-lineas-de-transmision"],"acf":[],"_links":{"self":[{"href":"https:\/\/lgtsolar.com\/tienda\/wp-json\/wp\/v2\/product\/1252","targetHints":{"allow":["GET"]}}],"collection":[{"href":"https:\/\/lgtsolar.com\/tienda\/wp-json\/wp\/v2\/product"}],"about":[{"href":"https:\/\/lgtsolar.com\/tienda\/wp-json\/wp\/v2\/types\/product"}],"wp:featuredmedia":[{"embeddable":true,"href":"https:\/\/lgtsolar.com\/tienda\/wp-json\/wp\/v2\/media\/1254"}],"wp:attachment":[{"href":"https:\/\/lgtsolar.com\/tienda\/wp-json\/wp\/v2\/media?parent=1252"}],"wp:term":[{"taxonomy":"product_cat","embeddable":true,"href":"https:\/\/lgtsolar.com\/tienda\/wp-json\/wp\/v2\/product_cat?post=1252"},{"taxonomy":"product_tag","embeddable":true,"href":"https:\/\/lgtsolar.com\/tienda\/wp-json\/wp\/v2\/product_tag?post=1252"}],"curies":[{"name":"wp","href":"https:\/\/api.w.org\/{rel}","templated":true}]}}