{"id":1255,"date":"2024-04-15T15:53:31","date_gmt":"2024-04-15T20:53:31","guid":{"rendered":"https:\/\/lgtsolar.com\/tienda\/?post_type=product&#038;p=1255"},"modified":"2024-04-15T15:53:31","modified_gmt":"2024-04-15T20:53:31","slug":"balizaje-a-induccion-de-baja-intensidad-rojo-fijo","status":"publish","type":"product","link":"https:\/\/lgtsolar.com\/tienda\/product\/balizaje-a-induccion-de-baja-intensidad-rojo-fijo\/","title":{"rendered":"Balizaje a Inducci\u00f3n de Baja Intensidad-Rojo Fijo"},"content":{"rendered":"","protected":false},"excerpt":{"rendered":"<p>La LEDEO BHT es un sistema de balizamiento a inducci\u00f3n, baja intensidad y monobloc, que permite se\u00f1alar los cables conductores de l\u00edneas de alta tensi\u00f3n. Funciona con un transformador de corriente que se sirve del campo electromagn\u00e9tico de la l\u00ednea para alimentar las LEDs. Es una baliza aut\u00f3noma con vida \u00fatil importante (100 000 horas) cuya concepci\u00f3n est\u00e1 reconocida y experimentada a nivel internacional.<\/p>\n","protected":false},"featured_media":1256,"template":"","meta":[],"product_cat":[107],"product_tag":[],"class_list":["post-1255","product","type-product","status-publish","has-post-thumbnail","hentry","product_cat-senalizacion-de-lineas-de-transmision"],"acf":[],"_links":{"self":[{"href":"https:\/\/lgtsolar.com\/tienda\/wp-json\/wp\/v2\/product\/1255","targetHints":{"allow":["GET"]}}],"collection":[{"href":"https:\/\/lgtsolar.com\/tienda\/wp-json\/wp\/v2\/product"}],"about":[{"href":"https:\/\/lgtsolar.com\/tienda\/wp-json\/wp\/v2\/types\/product"}],"wp:featuredmedia":[{"embeddable":true,"href":"https:\/\/lgtsolar.com\/tienda\/wp-json\/wp\/v2\/media\/1256"}],"wp:attachment":[{"href":"https:\/\/lgtsolar.com\/tienda\/wp-json\/wp\/v2\/media?parent=1255"}],"wp:term":[{"taxonomy":"product_cat","embeddable":true,"href":"https:\/\/lgtsolar.com\/tienda\/wp-json\/wp\/v2\/product_cat?post=1255"},{"taxonomy":"product_tag","embeddable":true,"href":"https:\/\/lgtsolar.com\/tienda\/wp-json\/wp\/v2\/product_tag?post=1255"}],"curies":[{"name":"wp","href":"https:\/\/api.w.org\/{rel}","templated":true}]}}