{"id":1321,"date":"2024-05-10T11:24:59","date_gmt":"2024-05-10T16:24:59","guid":{"rendered":"https:\/\/lgtsolar.com\/tienda\/?post_type=product&#038;p=1321"},"modified":"2024-05-10T11:27:16","modified_gmt":"2024-05-10T16:27:16","slug":"baterias-de-respaldo-b4850-2-4kwh-48v","status":"publish","type":"product","link":"https:\/\/lgtsolar.com\/tienda\/product\/baterias-de-respaldo-b4850-2-4kwh-48v\/","title":{"rendered":"Bater\u00edas de Respaldo B4850 2.4KWH-48V"},"content":{"rendered":"","protected":false},"excerpt":{"rendered":"<p>Banco de bater\u00edas de litio, voltaje nominal de 48V, bater\u00eda de LiFePO4 premium de 2.4KWH, BMS integrado, comunicaci\u00f3n m\u00faltiple e IP20.<\/p>\n<ul>\n<li>Banco de bater\u00edas de litio de alto rendimiento con la mejor tecnolog\u00eda de litio de su clase<\/li>\n<li>Aplicaciones amplias para almacenamiento de energ\u00eda, respaldo de bater\u00eda y productos el\u00e9ctricos<\/li>\n<li>Bater\u00eda premium LiFePO4 con 70% de la capacidad inicial despu\u00e9s de 6000 ciclos de uso<\/li>\n<li>Voltaje nominal de 48V con capacidad de bater\u00eda est\u00e1ndar de 2.4 KWh<\/li>\n<li>Cada m\u00f3dulo de bater\u00eda tiene BMS (sistema de gesti\u00f3n de bater\u00eda) independiente<\/li>\n<li>Protocolo de comunicaci\u00f3n m\u00faltiple CAN \/ RS485 \/ Contacto seco<\/li>\n<li>Protecci\u00f3n IP20<\/li>\n<li>La bater\u00eda cumple con el est\u00e1ndar UN38.3 y con el documento MSDS<\/li>\n<\/ul>\n","protected":false},"featured_media":1322,"template":"","meta":[],"product_cat":[129,130],"product_tag":[],"class_list":["post-1321","product","type-product","status-publish","has-post-thumbnail","hentry","product_cat-almacenamiento-de-energia","product_cat-baterias-de-litio-rackeable-48vdc"],"acf":[],"_links":{"self":[{"href":"https:\/\/lgtsolar.com\/tienda\/wp-json\/wp\/v2\/product\/1321","targetHints":{"allow":["GET"]}}],"collection":[{"href":"https:\/\/lgtsolar.com\/tienda\/wp-json\/wp\/v2\/product"}],"about":[{"href":"https:\/\/lgtsolar.com\/tienda\/wp-json\/wp\/v2\/types\/product"}],"wp:featuredmedia":[{"embeddable":true,"href":"https:\/\/lgtsolar.com\/tienda\/wp-json\/wp\/v2\/media\/1322"}],"wp:attachment":[{"href":"https:\/\/lgtsolar.com\/tienda\/wp-json\/wp\/v2\/media?parent=1321"}],"wp:term":[{"taxonomy":"product_cat","embeddable":true,"href":"https:\/\/lgtsolar.com\/tienda\/wp-json\/wp\/v2\/product_cat?post=1321"},{"taxonomy":"product_tag","embeddable":true,"href":"https:\/\/lgtsolar.com\/tienda\/wp-json\/wp\/v2\/product_tag?post=1321"}],"curies":[{"name":"wp","href":"https:\/\/api.w.org\/{rel}","templated":true}]}}