{"id":1323,"date":"2024-05-13T09:52:40","date_gmt":"2024-05-13T14:52:40","guid":{"rendered":"https:\/\/lgtsolar.com\/tienda\/?post_type=product&#038;p=1323"},"modified":"2025-07-22T12:38:24","modified_gmt":"2025-07-22T17:38:24","slug":"tacha-solar-elevada-l108w97h25mm","status":"publish","type":"product","link":"https:\/\/lgtsolar.com\/tienda\/product\/tacha-solar-elevada-l108w97h25mm\/","title":{"rendered":"Tacha Solar Elevada A1 L108*W97*H25mm"},"content":{"rendered":"","protected":false},"excerpt":{"rendered":"<p><span class=\"jCAhz ChMk0b\"><span class=\"ryNqvb\">Durante el d\u00eda, los paneles solares absorben la luz solar y convierten la energ\u00eda solar en energ\u00eda el\u00e9ctrica, que se almacena en dispositivos de almacenamiento de energ\u00eda (bater\u00edas o condensadores).<\/span><\/span> <span class=\"jCAhz ChMk0b\"><span class=\"ryNqvb\">Por la noche, la energ\u00eda el\u00e9ctrica contenida en los acumuladores de energ\u00eda se convierte autom\u00e1ticamente en energ\u00eda luminosa (controlada por interruptores fotoel\u00e9ctricos) y se emite mediante LED.<\/span><\/span> <span class=\"jCAhz ChMk0b\"><span class=\"ryNqvb\">La luz brillante perfila la carretera e induce la vista del conductor.<\/span><\/span> <span class=\"jCAhz ChMk0b\"><span class=\"ryNqvb\">Las tachas solares comenzar\u00e1n a parpadear autom\u00e1ticamente cuando caiga la noche o con el inicio de las inclemencias del tiempo. Los LED parpadeantes brillantes son muy efectivos para llamar la atenci\u00f3n de los conductores mucho antes que las tachas convencionales.<\/span><\/span><\/p>\n<p>Aplicaciones: Delimitaci\u00f3n de carreteras, estacionamientos, escaleras y delimitaci\u00f3n de zonas recreacionales, etc.<\/p>\n","protected":false},"featured_media":1324,"template":"","meta":[],"product_cat":[50,134],"product_tag":[162,163,154,161,164],"class_list":["post-1323","product","type-product","status-publish","has-post-thumbnail","hentry","product_cat-senalizacion-vial","product_cat-tachas-solares","product_tag-carretera","product_tag-senalizacion","product_tag-solar","product_tag-tacha","product_tag-vial"],"acf":[],"_links":{"self":[{"href":"https:\/\/lgtsolar.com\/tienda\/wp-json\/wp\/v2\/product\/1323","targetHints":{"allow":["GET"]}}],"collection":[{"href":"https:\/\/lgtsolar.com\/tienda\/wp-json\/wp\/v2\/product"}],"about":[{"href":"https:\/\/lgtsolar.com\/tienda\/wp-json\/wp\/v2\/types\/product"}],"wp:featuredmedia":[{"embeddable":true,"href":"https:\/\/lgtsolar.com\/tienda\/wp-json\/wp\/v2\/media\/1324"}],"wp:attachment":[{"href":"https:\/\/lgtsolar.com\/tienda\/wp-json\/wp\/v2\/media?parent=1323"}],"wp:term":[{"taxonomy":"product_cat","embeddable":true,"href":"https:\/\/lgtsolar.com\/tienda\/wp-json\/wp\/v2\/product_cat?post=1323"},{"taxonomy":"product_tag","embeddable":true,"href":"https:\/\/lgtsolar.com\/tienda\/wp-json\/wp\/v2\/product_tag?post=1323"}],"curies":[{"name":"wp","href":"https:\/\/api.w.org\/{rel}","templated":true}]}}