{"id":1350,"date":"2024-05-13T10:44:42","date_gmt":"2024-05-13T15:44:42","guid":{"rendered":"https:\/\/lgtsolar.com\/tienda\/?post_type=product&#038;p=1350"},"modified":"2025-07-22T12:37:16","modified_gmt":"2025-07-22T17:37:16","slug":"tacha-solar-elevada-pesada-l125mmw107mmh2650mm-c-s-vastago","status":"publish","type":"product","link":"https:\/\/lgtsolar.com\/tienda\/product\/tacha-solar-elevada-pesada-l125mmw107mmh2650mm-c-s-vastago\/","title":{"rendered":"Tacha Solar Elevada Pesada A6-1 (30T) L125mm*W107mm*H26+50mm c\/s v\u00e1stago"},"content":{"rendered":"","protected":false},"excerpt":{"rendered":"<p><span class=\"jCAhz ChMk0b\"><span class=\"ryNqvb\">Carcasa met\u00e1lica de aleaci\u00f3n de aluminio, \u00edndice de compresi\u00f3n de m\u00e1s de 30 toneladas, que se puede instalar en medio de la carretera. El dise\u00f1o de los reflectores est\u00e1 embebido en la carcasa de aluminio, puede proteger los reflectores perfectamente cuando el veh\u00edculo pasa sobre las tachas de la carretera.<\/span><\/span> <span class=\"jCAhz ChMk0b\"><span class=\"ryNqvb\">Estas tachas solares tambi\u00e9n tienen dos tipos para su elecci\u00f3n: con v\u00e1stago o sin v\u00e1stago.<\/span><\/span><\/p>\n<p>Aplicaciones: Delimitaci\u00f3n de carreteras, delimitaci\u00f3n entre carriles, servicio pesado.<\/p>\n","protected":false},"featured_media":1351,"template":"","meta":[],"product_cat":[50,134],"product_tag":[162,163,154,161,164],"class_list":["post-1350","product","type-product","status-publish","has-post-thumbnail","hentry","product_cat-senalizacion-vial","product_cat-tachas-solares","product_tag-carretera","product_tag-senalizacion","product_tag-solar","product_tag-tacha","product_tag-vial"],"acf":[],"_links":{"self":[{"href":"https:\/\/lgtsolar.com\/tienda\/wp-json\/wp\/v2\/product\/1350","targetHints":{"allow":["GET"]}}],"collection":[{"href":"https:\/\/lgtsolar.com\/tienda\/wp-json\/wp\/v2\/product"}],"about":[{"href":"https:\/\/lgtsolar.com\/tienda\/wp-json\/wp\/v2\/types\/product"}],"wp:featuredmedia":[{"embeddable":true,"href":"https:\/\/lgtsolar.com\/tienda\/wp-json\/wp\/v2\/media\/1351"}],"wp:attachment":[{"href":"https:\/\/lgtsolar.com\/tienda\/wp-json\/wp\/v2\/media?parent=1350"}],"wp:term":[{"taxonomy":"product_cat","embeddable":true,"href":"https:\/\/lgtsolar.com\/tienda\/wp-json\/wp\/v2\/product_cat?post=1350"},{"taxonomy":"product_tag","embeddable":true,"href":"https:\/\/lgtsolar.com\/tienda\/wp-json\/wp\/v2\/product_tag?post=1350"}],"curies":[{"name":"wp","href":"https:\/\/api.w.org\/{rel}","templated":true}]}}