{"id":1391,"date":"2024-05-24T11:54:54","date_gmt":"2024-05-24T16:54:54","guid":{"rendered":"https:\/\/lgtsolar.com\/tienda\/?post_type=product&#038;p=1391"},"modified":"2024-05-24T11:59:32","modified_gmt":"2024-05-24T16:59:32","slug":"generador-hibrido-eolico-solar-bateria","status":"publish","type":"product","link":"https:\/\/lgtsolar.com\/tienda\/product\/generador-hibrido-eolico-solar-bateria\/","title":{"rendered":"Generador H\u00edbrido E\u00f3lico-Solar-Bater\u00eda"},"content":{"rendered":"","protected":false},"excerpt":{"rendered":"<div class=\"lRu31\" dir=\"ltr\">\n<p><span class=\"HwtZe\" lang=\"es\"><span class=\"jCAhz ChMk0b\"><span class=\"ryNqvb\">Las soluciones de energ\u00eda h\u00edbrida MPMC serie WSB\/SB proporcionan energ\u00eda el\u00e9ctrica estable, confiable, segura y conveniente para el consumo de electricidad residencial.<\/span><\/span> <span class=\"jCAhz ChMk0b\"><span class=\"ryNqvb\">La integraci\u00f3n de energ\u00eda solar, turbinas e\u00f3licas y sistemas de almacenamiento de energ\u00eda de MPMC, Hybrid Energy Solutions ayuda a lograr una generaci\u00f3n de energ\u00eda independiente, lo que reduce en gran medida la dependencia de la red el\u00e9ctrica y reduce el costo del consumo de electricidad con reducci\u00f3n de energ\u00eda m\u00e1xima.<\/span><\/span> <span class=\"jCAhz ChMk0b\"><span class=\"ryNqvb\">El sistema est\u00e1 dise\u00f1ado est\u00e9ticamente con paneles solares retr\u00e1ctiles, turbinas e\u00f3licas y bater\u00edas de fosfato de iones de litio, y es ecol\u00f3gico, sin ruido ni emisiones.<\/span><\/span> <span class=\"jCAhz ChMk0b\"><span class=\"ryNqvb\">El sistema de energ\u00eda e\u00f3lica es opcional.<\/span><\/span><\/span><\/p>\n<div class=\"OvtS8d\"><\/div>\n<div id=\"ow1432\"><\/div>\n<\/div>\n<div class=\"UdTY9 WdefRb\" aria-hidden=\"true\" data-location=\"2\"><\/div>\n","protected":false},"featured_media":1392,"template":"","meta":[],"product_cat":[54,135],"product_tag":[],"class_list":["post-1391","product","type-product","status-publish","has-post-thumbnail","hentry","product_cat-energia-fotovoltaica","product_cat-generadores-hibridos"],"acf":[],"_links":{"self":[{"href":"https:\/\/lgtsolar.com\/tienda\/wp-json\/wp\/v2\/product\/1391","targetHints":{"allow":["GET"]}}],"collection":[{"href":"https:\/\/lgtsolar.com\/tienda\/wp-json\/wp\/v2\/product"}],"about":[{"href":"https:\/\/lgtsolar.com\/tienda\/wp-json\/wp\/v2\/types\/product"}],"wp:featuredmedia":[{"embeddable":true,"href":"https:\/\/lgtsolar.com\/tienda\/wp-json\/wp\/v2\/media\/1392"}],"wp:attachment":[{"href":"https:\/\/lgtsolar.com\/tienda\/wp-json\/wp\/v2\/media?parent=1391"}],"wp:term":[{"taxonomy":"product_cat","embeddable":true,"href":"https:\/\/lgtsolar.com\/tienda\/wp-json\/wp\/v2\/product_cat?post=1391"},{"taxonomy":"product_tag","embeddable":true,"href":"https:\/\/lgtsolar.com\/tienda\/wp-json\/wp\/v2\/product_tag?post=1391"}],"curies":[{"name":"wp","href":"https:\/\/api.w.org\/{rel}","templated":true}]}}