{"id":1428,"date":"2024-06-24T01:09:04","date_gmt":"2024-06-24T06:09:04","guid":{"rendered":"https:\/\/lgtsolar.com\/tienda\/?post_type=product&#038;p=1428"},"modified":"2024-06-24T13:30:28","modified_gmt":"2024-06-24T18:30:28","slug":"reflector-led-lf46","status":"publish","type":"product","link":"https:\/\/lgtsolar.com\/tienda\/product\/reflector-led-lf46\/","title":{"rendered":"Reflector LED LF46"},"content":{"rendered":"","protected":false},"excerpt":{"rendered":"<div class=\"flex flex-grow flex-col max-w-full\">\n<div class=\"min-h-[20px] text-message flex flex-col items-start whitespace-pre-wrap break-words [.text-message+&amp;]:mt-5 juice:w-full juice:items-end overflow-x-auto gap-2\" dir=\"auto\" data-message-author-role=\"assistant\" data-message-id=\"7e7b10d6-ae57-403b-933e-6b1da2120ecf\">\n<div class=\"flex w-full flex-col gap-1 juice:empty:hidden juice:first:pt-[3px]\">\n<div class=\"markdown prose w-full break-words dark:prose-invert light\">\n<p>La serie LF46 de luces LED tipo proyector puede orientarse en cualquier direcci\u00f3n y tiene una estructura que no se ve afectada por las condiciones clim\u00e1ticas. Proporciona soluciones de iluminaci\u00f3n de bajo mantenimiento y ahorro de energ\u00eda, con una variedad de lentes \u00f3pticas, ofreciendo un efecto de iluminaci\u00f3n estable y c\u00f3modo para la zona iluminada, permitiendo que el personal se concentre m\u00e1s en la seguridad y la eficiencia del trabajo. Se utiliza principalmente para la iluminaci\u00f3n industrial en puertos, muelles, operaciones en grandes \u00e1reas, minas, aeropuertos, estadios y otros lugares.<\/p>\n<\/div>\n<\/div>\n<\/div>\n<\/div>\n<div class=\"mt-1 flex gap-3 empty:hidden juice:-ml-3\">\n<div class=\"items-center justify-start rounded-xl p-1 flex\">\n<div class=\"flex items-center\"><button class=\"rounded-lg text-token-text-secondary hover:bg-token-main-surface-secondary\"><\/button><button class=\"rounded-lg text-token-text-secondary hover:bg-token-main-surface-secondary\"><\/button><\/p>\n<div class=\"flex\"><\/div>\n<div class=\"flex items-center pb-0.5 juice:pb-0\">\n<div class=\"[&amp;_svg]:h-full [&amp;_svg]:w-full icon-md h-4 w-4\"><\/div>\n<p><span class=\"line-clamp-1 text-sm\">4o<\/span><\/div>\n<\/div>\n<\/div>\n<\/div>\n","protected":false},"featured_media":1429,"template":"","meta":[],"product_cat":[125,137],"product_tag":[149,148,141,144],"class_list":["post-1428","product","type-product","status-publish","has-post-thumbnail","hentry","product_cat-iluminacion-alumbrado","product_cat-reflectores-de-alimentacion-externa","product_tag-led","product_tag-lf46","product_tag-nanhua","product_tag-reflector"],"acf":[],"_links":{"self":[{"href":"https:\/\/lgtsolar.com\/tienda\/wp-json\/wp\/v2\/product\/1428","targetHints":{"allow":["GET"]}}],"collection":[{"href":"https:\/\/lgtsolar.com\/tienda\/wp-json\/wp\/v2\/product"}],"about":[{"href":"https:\/\/lgtsolar.com\/tienda\/wp-json\/wp\/v2\/types\/product"}],"wp:featuredmedia":[{"embeddable":true,"href":"https:\/\/lgtsolar.com\/tienda\/wp-json\/wp\/v2\/media\/1429"}],"wp:attachment":[{"href":"https:\/\/lgtsolar.com\/tienda\/wp-json\/wp\/v2\/media?parent=1428"}],"wp:term":[{"taxonomy":"product_cat","embeddable":true,"href":"https:\/\/lgtsolar.com\/tienda\/wp-json\/wp\/v2\/product_cat?post=1428"},{"taxonomy":"product_tag","embeddable":true,"href":"https:\/\/lgtsolar.com\/tienda\/wp-json\/wp\/v2\/product_tag?post=1428"}],"curies":[{"name":"wp","href":"https:\/\/api.w.org\/{rel}","templated":true}]}}