{"id":1435,"date":"2024-06-24T01:19:02","date_gmt":"2024-06-24T06:19:02","guid":{"rendered":"https:\/\/lgtsolar.com\/tienda\/?post_type=product&#038;p=1435"},"modified":"2024-06-24T13:29:37","modified_gmt":"2024-06-24T18:29:37","slug":"reflector-led-high-mast-hl80","status":"publish","type":"product","link":"https:\/\/lgtsolar.com\/tienda\/product\/reflector-led-high-mast-hl80\/","title":{"rendered":"Reflector LED High Mast HL80"},"content":{"rendered":"","protected":false},"excerpt":{"rendered":"<div class=\"flex flex-grow flex-col max-w-full\">\n<div class=\"min-h-[20px] text-message flex flex-col items-start whitespace-pre-wrap break-words [.text-message+&amp;]:mt-5 juice:w-full juice:items-end overflow-x-auto gap-2\" dir=\"auto\" data-message-author-role=\"assistant\" data-message-id=\"7e7b10d6-ae57-403b-933e-6b1da2120ecf\">\n<div class=\"flex w-full flex-col gap-1 juice:empty:hidden juice:first:pt-[3px]\">\n<div class=\"markdown prose w-full break-words dark:prose-invert light\">\n<p>La luminaria modular de m\u00e1stil alto HL80 est\u00e1 dise\u00f1ada para resistir una prueba de sobretensi\u00f3n por rayo de 10KV. HL80 ofrece soluciones de iluminaci\u00f3n altamente eficientes, de bajo consumo y bajo mantenimiento. Su excelente rendimiento \u00f3ptico proporciona una experiencia estable y confortable, mejorando la eficiencia y seguridad laboral para los operadores en exteriores. El producto es adecuado para puertos, minas, aeropuertos, estadios, entre otros lugares.<\/p>\n<\/div>\n<\/div>\n<\/div>\n<\/div>\n<div class=\"mt-1 flex gap-3 empty:hidden juice:-ml-3\">\n<div class=\"items-center justify-start rounded-xl p-1 flex\">\n<div class=\"flex items-center\">\n<p>&nbsp;<\/p>\n<div class=\"flex\"><\/div>\n<div class=\"flex items-center pb-0.5 juice:pb-0\">\n<div class=\"[&amp;_svg]:h-full [&amp;_svg]:w-full icon-md h-4 w-4\"><\/div>\n<p><span class=\"line-clamp-1 text-sm\">4o<\/span><\/p>\n<\/div>\n<\/div>\n<\/div>\n<\/div>\n","protected":false},"featured_media":1437,"template":"","meta":[],"product_cat":[125,137],"product_tag":[145,143,141,144],"class_list":["post-1435","product","type-product","status-publish","has-post-thumbnail","hentry","product_cat-iluminacion-alumbrado","product_cat-reflectores-de-alimentacion-externa","product_tag-high-mast","product_tag-hl80","product_tag-nanhua","product_tag-reflector"],"acf":[],"_links":{"self":[{"href":"https:\/\/lgtsolar.com\/tienda\/wp-json\/wp\/v2\/product\/1435","targetHints":{"allow":["GET"]}}],"collection":[{"href":"https:\/\/lgtsolar.com\/tienda\/wp-json\/wp\/v2\/product"}],"about":[{"href":"https:\/\/lgtsolar.com\/tienda\/wp-json\/wp\/v2\/types\/product"}],"wp:featuredmedia":[{"embeddable":true,"href":"https:\/\/lgtsolar.com\/tienda\/wp-json\/wp\/v2\/media\/1437"}],"wp:attachment":[{"href":"https:\/\/lgtsolar.com\/tienda\/wp-json\/wp\/v2\/media?parent=1435"}],"wp:term":[{"taxonomy":"product_cat","embeddable":true,"href":"https:\/\/lgtsolar.com\/tienda\/wp-json\/wp\/v2\/product_cat?post=1435"},{"taxonomy":"product_tag","embeddable":true,"href":"https:\/\/lgtsolar.com\/tienda\/wp-json\/wp\/v2\/product_tag?post=1435"}],"curies":[{"name":"wp","href":"https:\/\/api.w.org\/{rel}","templated":true}]}}