{"id":1457,"date":"2024-06-25T20:14:15","date_gmt":"2024-06-26T01:14:15","guid":{"rendered":"https:\/\/lgtsolar.com\/tienda\/?post_type=product&#038;p=1457"},"modified":"2024-06-26T13:49:26","modified_gmt":"2024-06-26T18:49:26","slug":"luminaria-solar-led-todo-en-uno-para-alumbrado-publico-con-sensor-an-sla-80-100-120w","status":"publish","type":"product","link":"https:\/\/lgtsolar.com\/tienda\/product\/luminaria-solar-led-todo-en-uno-para-alumbrado-publico-con-sensor-an-sla-80-100-120w\/","title":{"rendered":"Luminaria Solar LED Todo en Uno para Alumbrado P\u00fablico con Sensor AN-SLA 80-100-120W"},"content":{"rendered":"","protected":false},"excerpt":{"rendered":"<p>La Luminaria Solar LED AN-SLA 80W 100W 120W LED es un producto de iluminaci\u00f3n solar que integra paneles solares, bater\u00edas solares de litio, controladores y fuentes de luz LED. Esta serie de productos son luminarias solares de alta potencia, especialmente dise\u00f1adas para proyectos de iluminaci\u00f3n de carreteras principales, con paneles solares monocristalinos de alta eficiencia y bater\u00edas LiFePO4 de gran capacidad, cumpliendo con los est\u00e1ndares internacionales de iluminaci\u00f3n vial.<\/p>\n<p>Aplicaciones:<\/p>\n<p>-Iluminaci\u00f3n de carreteras principales<\/p>\n<p>-Seguridad perimetral<\/p>\n<p>-\u00c1rea de garitas<\/p>\n","protected":false},"featured_media":1458,"template":"","meta":[],"product_cat":[126,125],"product_tag":[171,170,172,169,173,149,154],"class_list":["post-1457","product","type-product","status-publish","has-post-thumbnail","hentry","product_cat-alumbrado-publico-solar","product_cat-iluminacion-alumbrado","product_tag-calles","product_tag-carreteras","product_tag-estacionamientos","product_tag-iluminacion","product_tag-industrial","product_tag-led","product_tag-solar"],"acf":[],"_links":{"self":[{"href":"https:\/\/lgtsolar.com\/tienda\/wp-json\/wp\/v2\/product\/1457","targetHints":{"allow":["GET"]}}],"collection":[{"href":"https:\/\/lgtsolar.com\/tienda\/wp-json\/wp\/v2\/product"}],"about":[{"href":"https:\/\/lgtsolar.com\/tienda\/wp-json\/wp\/v2\/types\/product"}],"wp:featuredmedia":[{"embeddable":true,"href":"https:\/\/lgtsolar.com\/tienda\/wp-json\/wp\/v2\/media\/1458"}],"wp:attachment":[{"href":"https:\/\/lgtsolar.com\/tienda\/wp-json\/wp\/v2\/media?parent=1457"}],"wp:term":[{"taxonomy":"product_cat","embeddable":true,"href":"https:\/\/lgtsolar.com\/tienda\/wp-json\/wp\/v2\/product_cat?post=1457"},{"taxonomy":"product_tag","embeddable":true,"href":"https:\/\/lgtsolar.com\/tienda\/wp-json\/wp\/v2\/product_tag?post=1457"}],"curies":[{"name":"wp","href":"https:\/\/api.w.org\/{rel}","templated":true}]}}