{"id":1460,"date":"2024-06-26T13:03:36","date_gmt":"2024-06-26T18:03:36","guid":{"rendered":"https:\/\/lgtsolar.com\/tienda\/?post_type=product&#038;p=1460"},"modified":"2024-06-26T13:49:23","modified_gmt":"2024-06-26T18:49:23","slug":"luminaria-solar-led-todo-en-uno-para-alumbrado-publico-con-sensor-an-slz-40-60-80-100-120w","status":"publish","type":"product","link":"https:\/\/lgtsolar.com\/tienda\/product\/luminaria-solar-led-todo-en-uno-para-alumbrado-publico-con-sensor-an-slz-40-60-80-100-120w\/","title":{"rendered":"Luminaria Solar LED Todo en Uno para Alumbrado P\u00fablico con Sensor AN-SLZ 40-60-80-100-120W"},"content":{"rendered":"","protected":false},"excerpt":{"rendered":"<p>Adoptando chips LED Bridgelux de alta luminosidad, este tipo de l\u00e1mpara solar todo en uno es un 30% m\u00e1s brillante que las l\u00e1mparas comunes. Cuenta con tres modos de iluminaci\u00f3n que se pueden cambiar a trav\u00e9s de un control remoto. Una bater\u00eda de litio lifepo4 de ciclo profundo completamente nueva y un sistema BMS desarrollado de manera independiente para asegurar la estabilidad y seguridad de la bater\u00eda.<\/p>\n<p>Aplicaciones:<\/p>\n<p>-Iluminaci\u00f3n de carreteras principales<\/p>\n<p>-Seguridad perimetral<\/p>\n<p>-\u00c1rea de garitas<\/p>\n","protected":false},"featured_media":1461,"template":"","meta":[],"product_cat":[126,125],"product_tag":[171,170,172,169,173,149,154],"class_list":["post-1460","product","type-product","status-publish","has-post-thumbnail","hentry","product_cat-alumbrado-publico-solar","product_cat-iluminacion-alumbrado","product_tag-calles","product_tag-carreteras","product_tag-estacionamientos","product_tag-iluminacion","product_tag-industrial","product_tag-led","product_tag-solar"],"acf":[],"_links":{"self":[{"href":"https:\/\/lgtsolar.com\/tienda\/wp-json\/wp\/v2\/product\/1460","targetHints":{"allow":["GET"]}}],"collection":[{"href":"https:\/\/lgtsolar.com\/tienda\/wp-json\/wp\/v2\/product"}],"about":[{"href":"https:\/\/lgtsolar.com\/tienda\/wp-json\/wp\/v2\/types\/product"}],"wp:featuredmedia":[{"embeddable":true,"href":"https:\/\/lgtsolar.com\/tienda\/wp-json\/wp\/v2\/media\/1461"}],"wp:attachment":[{"href":"https:\/\/lgtsolar.com\/tienda\/wp-json\/wp\/v2\/media?parent=1460"}],"wp:term":[{"taxonomy":"product_cat","embeddable":true,"href":"https:\/\/lgtsolar.com\/tienda\/wp-json\/wp\/v2\/product_cat?post=1460"},{"taxonomy":"product_tag","embeddable":true,"href":"https:\/\/lgtsolar.com\/tienda\/wp-json\/wp\/v2\/product_tag?post=1460"}],"curies":[{"name":"wp","href":"https:\/\/api.w.org\/{rel}","templated":true}]}}