{"id":1465,"date":"2024-06-26T13:14:16","date_gmt":"2024-06-26T18:14:16","guid":{"rendered":"https:\/\/lgtsolar.com\/tienda\/?post_type=product&#038;p=1465"},"modified":"2024-06-26T13:49:19","modified_gmt":"2024-06-26T18:49:19","slug":"luminaria-solar-led-todo-en-uno-para-alumbrado-publico-con-sensor-an-slv-40-60-80-100-120-150w","status":"publish","type":"product","link":"https:\/\/lgtsolar.com\/tienda\/product\/luminaria-solar-led-todo-en-uno-para-alumbrado-publico-con-sensor-an-slv-40-60-80-100-120-150w\/","title":{"rendered":"Luminaria Solar LED Todo en Uno para Alumbrado P\u00fablico con Sensor AN-SLV 40-60-80-100-120-150W"},"content":{"rendered":"","protected":false},"excerpt":{"rendered":"<p>monocristalino de alta eficiencia tiene una eficiencia de conversi\u00f3n fotoel\u00e9ctrica del 22%. La bater\u00eda de litio lifepo4 de nueva y gran capacidad tiene una vida \u00fatil de ciclo de \u22652000 veces, siendo mucho m\u00e1s segura y estable. El sistema BMS inteligente est\u00e1 dise\u00f1ado para proteger bien la bater\u00eda y asegurar su operaci\u00f3n segura y estable a largo plazo.<\/p>\n<p>Aplicaciones:<\/p>\n<p>-Iluminaci\u00f3n de carreteras principales<\/p>\n<p>-Seguridad perimetral<\/p>\n<p>-\u00c1rea de garitas<\/p>\n<p>-Iluminaci\u00f3n industrial<\/p>\n<p>-Iluminaci\u00f3n portuaria<\/p>\n","protected":false},"featured_media":1466,"template":"","meta":[],"product_cat":[126,125],"product_tag":[171,170,172,169,173,149,154],"class_list":["post-1465","product","type-product","status-publish","has-post-thumbnail","hentry","product_cat-alumbrado-publico-solar","product_cat-iluminacion-alumbrado","product_tag-calles","product_tag-carreteras","product_tag-estacionamientos","product_tag-iluminacion","product_tag-industrial","product_tag-led","product_tag-solar"],"acf":[],"_links":{"self":[{"href":"https:\/\/lgtsolar.com\/tienda\/wp-json\/wp\/v2\/product\/1465","targetHints":{"allow":["GET"]}}],"collection":[{"href":"https:\/\/lgtsolar.com\/tienda\/wp-json\/wp\/v2\/product"}],"about":[{"href":"https:\/\/lgtsolar.com\/tienda\/wp-json\/wp\/v2\/types\/product"}],"wp:featuredmedia":[{"embeddable":true,"href":"https:\/\/lgtsolar.com\/tienda\/wp-json\/wp\/v2\/media\/1466"}],"wp:attachment":[{"href":"https:\/\/lgtsolar.com\/tienda\/wp-json\/wp\/v2\/media?parent=1465"}],"wp:term":[{"taxonomy":"product_cat","embeddable":true,"href":"https:\/\/lgtsolar.com\/tienda\/wp-json\/wp\/v2\/product_cat?post=1465"},{"taxonomy":"product_tag","embeddable":true,"href":"https:\/\/lgtsolar.com\/tienda\/wp-json\/wp\/v2\/product_tag?post=1465"}],"curies":[{"name":"wp","href":"https:\/\/api.w.org\/{rel}","templated":true}]}}