{"id":1468,"date":"2024-06-26T13:19:14","date_gmt":"2024-06-26T18:19:14","guid":{"rendered":"https:\/\/lgtsolar.com\/tienda\/?post_type=product&#038;p=1468"},"modified":"2024-06-26T13:49:14","modified_gmt":"2024-06-26T18:49:14","slug":"luminaria-solar-led-todo-en-uno-para-alumbrado-de-carreteras-con-sensor-an-slx-60-80-100w","status":"publish","type":"product","link":"https:\/\/lgtsolar.com\/tienda\/product\/luminaria-solar-led-todo-en-uno-para-alumbrado-de-carreteras-con-sensor-an-slx-60-80-100w\/","title":{"rendered":"Luminaria Solar LED Todo en Uno para Alumbrado de Carreteras con Sensor AN-SLX 60-80-100W"},"content":{"rendered":"","protected":false},"excerpt":{"rendered":"<p>Al usar un panel solar de doble cara, se obtiene una mayor generaci\u00f3n de energ\u00eda y eficiencia. El soporte ajustable en \u00e1ngulo permite que la luz solar de carretera se ajuste seg\u00fan el entorno de la carretera y las condiciones reales para satisfacer los requisitos de iluminaci\u00f3n de diferentes proyectos. El dise\u00f1o del panel solar externo aumenta la potencia en un 20-50%. Al usar LEDs Philips de alta luminosidad, la intensidad es al menos un 30% mayor que la de los chips ordinarios<\/p>\n<p>Aplicaciones:<\/p>\n<p>-Iluminaci\u00f3n de carreteras principales<\/p>\n<p>-Seguridad perimetral<\/p>\n<p>-\u00c1rea de garitas<\/p>\n<p>-Estacionamientos<\/p>\n<p>-Escuelas \/ Universidades<\/p>\n<p>-Iluminaci\u00f3n portuaria<\/p>\n","protected":false},"featured_media":1469,"template":"","meta":[],"product_cat":[126,125],"product_tag":[171,170,172,169,173,149,154],"class_list":["post-1468","product","type-product","status-publish","has-post-thumbnail","hentry","product_cat-alumbrado-publico-solar","product_cat-iluminacion-alumbrado","product_tag-calles","product_tag-carreteras","product_tag-estacionamientos","product_tag-iluminacion","product_tag-industrial","product_tag-led","product_tag-solar"],"acf":[],"_links":{"self":[{"href":"https:\/\/lgtsolar.com\/tienda\/wp-json\/wp\/v2\/product\/1468","targetHints":{"allow":["GET"]}}],"collection":[{"href":"https:\/\/lgtsolar.com\/tienda\/wp-json\/wp\/v2\/product"}],"about":[{"href":"https:\/\/lgtsolar.com\/tienda\/wp-json\/wp\/v2\/types\/product"}],"wp:featuredmedia":[{"embeddable":true,"href":"https:\/\/lgtsolar.com\/tienda\/wp-json\/wp\/v2\/media\/1469"}],"wp:attachment":[{"href":"https:\/\/lgtsolar.com\/tienda\/wp-json\/wp\/v2\/media?parent=1468"}],"wp:term":[{"taxonomy":"product_cat","embeddable":true,"href":"https:\/\/lgtsolar.com\/tienda\/wp-json\/wp\/v2\/product_cat?post=1468"},{"taxonomy":"product_tag","embeddable":true,"href":"https:\/\/lgtsolar.com\/tienda\/wp-json\/wp\/v2\/product_tag?post=1468"}],"curies":[{"name":"wp","href":"https:\/\/api.w.org\/{rel}","templated":true}]}}