{"id":1472,"date":"2024-06-26T13:31:48","date_gmt":"2024-06-26T18:31:48","guid":{"rendered":"https:\/\/lgtsolar.com\/tienda\/?post_type=product&#038;p=1472"},"modified":"2024-06-26T13:49:06","modified_gmt":"2024-06-26T18:49:06","slug":"luminaria-solar-led-todo-en-uno-para-alumbrado-de-carreteras-con-sensor-y-embone-movil-an-issl-c-60-80-100w","status":"publish","type":"product","link":"https:\/\/lgtsolar.com\/tienda\/product\/luminaria-solar-led-todo-en-uno-para-alumbrado-de-carreteras-con-sensor-y-embone-movil-an-issl-c-60-80-100w\/","title":{"rendered":"Luminaria Solar LED Todo en Uno para Alumbrado de Carreteras con Sensor y Embone M\u00f3vil AN-ISSL-C 60-80-100W"},"content":{"rendered":"","protected":false},"excerpt":{"rendered":"<p>Cuenta con una carcasa integral de fundici\u00f3n de aluminio, alta resistencia mec\u00e1nica, resistencia al viento de 50m\/s. Chips LED LG 3030, brillo m\u00e1ximo de hasta 150 lm\/W, un 30% m\u00e1s que productos similares. Dise\u00f1o de caja de bater\u00eda tipo snap, conveniente para el mantenimiento de la bater\u00eda y del controlador, ahorra costos de mantenimiento. Brazo de l\u00e1mpara con \u00e1ngulo ajustable, se puede usar con 2 tipos diferentes de postes.<\/p>\n<p>Aplicaciones:<\/p>\n<p>-Iluminaci\u00f3n de calles y carreteras<\/p>\n<p>-Seguridad perimetral<\/p>\n<p>-\u00c1rea de garitas<\/p>\n<p>-Estacionamientos<\/p>\n<p>-Iluminaci\u00f3n portuaria<\/p>\n<p>-Iluminaci\u00f3n general<\/p>\n","protected":false},"featured_media":1473,"template":"","meta":[],"product_cat":[126,125],"product_tag":[171,170,172,169,173,149,154],"class_list":["post-1472","product","type-product","status-publish","has-post-thumbnail","hentry","product_cat-alumbrado-publico-solar","product_cat-iluminacion-alumbrado","product_tag-calles","product_tag-carreteras","product_tag-estacionamientos","product_tag-iluminacion","product_tag-industrial","product_tag-led","product_tag-solar"],"acf":[],"_links":{"self":[{"href":"https:\/\/lgtsolar.com\/tienda\/wp-json\/wp\/v2\/product\/1472","targetHints":{"allow":["GET"]}}],"collection":[{"href":"https:\/\/lgtsolar.com\/tienda\/wp-json\/wp\/v2\/product"}],"about":[{"href":"https:\/\/lgtsolar.com\/tienda\/wp-json\/wp\/v2\/types\/product"}],"wp:featuredmedia":[{"embeddable":true,"href":"https:\/\/lgtsolar.com\/tienda\/wp-json\/wp\/v2\/media\/1473"}],"wp:attachment":[{"href":"https:\/\/lgtsolar.com\/tienda\/wp-json\/wp\/v2\/media?parent=1472"}],"wp:term":[{"taxonomy":"product_cat","embeddable":true,"href":"https:\/\/lgtsolar.com\/tienda\/wp-json\/wp\/v2\/product_cat?post=1472"},{"taxonomy":"product_tag","embeddable":true,"href":"https:\/\/lgtsolar.com\/tienda\/wp-json\/wp\/v2\/product_tag?post=1472"}],"curies":[{"name":"wp","href":"https:\/\/api.w.org\/{rel}","templated":true}]}}