{"id":1476,"date":"2024-06-26T13:39:34","date_gmt":"2024-06-26T18:39:34","guid":{"rendered":"https:\/\/lgtsolar.com\/tienda\/?post_type=product&#038;p=1476"},"modified":"2024-06-26T13:49:02","modified_gmt":"2024-06-26T18:49:02","slug":"luminaria-solar-led-todo-en-uno-para-alumbrado-de-carreteras-con-sensor-y-embone-an-isgl05-60-120-180w","status":"publish","type":"product","link":"https:\/\/lgtsolar.com\/tienda\/product\/luminaria-solar-led-todo-en-uno-para-alumbrado-de-carreteras-con-sensor-y-embone-an-isgl05-60-120-180w\/","title":{"rendered":"Luminaria Solar LED Todo en Uno para Alumbrado de Carreteras con Sensor y Embone AN-ISGL05 60-120-180W"},"content":{"rendered":"","protected":false},"excerpt":{"rendered":"<p>La luz solar MPPT de 60W 120W 180W es un dispositivo de iluminaci\u00f3n solar equipado con un controlador de atenuaci\u00f3n inteligente. Los dispositivos de iluminaci\u00f3n solar tienen requisitos ambientales muy estrictos durante su aplicaci\u00f3n, ya que logran funciones de iluminaci\u00f3n absorbiendo recursos de luz solar y a menudo enfrentan condiciones clim\u00e1ticas adversas en aplicaciones reales. En este caso, necesitamos utilizar el controlador de atenuaci\u00f3n inteligente para ajustar autom\u00e1ticamente el brillo seg\u00fan el entorno, con el fin de ahorrar energ\u00eda de la bater\u00eda y extender el tiempo de iluminaci\u00f3n.<\/p>\n<p>Aplicaciones:<\/p>\n<p>-Iluminaci\u00f3n de calles<\/p>\n<p>-Seguridad perimetral<\/p>\n<p>-\u00c1rea de garitas<\/p>\n<p>-Jardines y Zonas Recreacionales<\/p>\n<p>-Estacionamientos y garajes<\/p>\n","protected":false},"featured_media":1477,"template":"","meta":[],"product_cat":[126,125],"product_tag":[171,170,172,169,173,149,154],"class_list":["post-1476","product","type-product","status-publish","has-post-thumbnail","hentry","product_cat-alumbrado-publico-solar","product_cat-iluminacion-alumbrado","product_tag-calles","product_tag-carreteras","product_tag-estacionamientos","product_tag-iluminacion","product_tag-industrial","product_tag-led","product_tag-solar"],"acf":[],"_links":{"self":[{"href":"https:\/\/lgtsolar.com\/tienda\/wp-json\/wp\/v2\/product\/1476","targetHints":{"allow":["GET"]}}],"collection":[{"href":"https:\/\/lgtsolar.com\/tienda\/wp-json\/wp\/v2\/product"}],"about":[{"href":"https:\/\/lgtsolar.com\/tienda\/wp-json\/wp\/v2\/types\/product"}],"wp:featuredmedia":[{"embeddable":true,"href":"https:\/\/lgtsolar.com\/tienda\/wp-json\/wp\/v2\/media\/1477"}],"wp:attachment":[{"href":"https:\/\/lgtsolar.com\/tienda\/wp-json\/wp\/v2\/media?parent=1476"}],"wp:term":[{"taxonomy":"product_cat","embeddable":true,"href":"https:\/\/lgtsolar.com\/tienda\/wp-json\/wp\/v2\/product_cat?post=1476"},{"taxonomy":"product_tag","embeddable":true,"href":"https:\/\/lgtsolar.com\/tienda\/wp-json\/wp\/v2\/product_tag?post=1476"}],"curies":[{"name":"wp","href":"https:\/\/api.w.org\/{rel}","templated":true}]}}