{"id":231,"date":"2022-07-11T12:44:10","date_gmt":"2022-07-11T17:44:10","guid":{"rendered":"http:\/\/localhost\/lgt\/product\/lo200\/"},"modified":"2024-06-24T00:34:43","modified_gmt":"2024-06-24T05:34:43","slug":"lo200m","status":"publish","type":"product","link":"https:\/\/lgtsolar.com\/tienda\/product\/lo200m\/","title":{"rendered":"Luz LED de Enfilaci\u00f3n LO200M &#8211; 14 MN"},"content":{"rendered":"","protected":false},"excerpt":{"rendered":"<p>La LO 200 es una luminaria de medio\/largo alcance para aplicaci\u00f3n direccional o de se\u00f1alizaci\u00f3n de entrada a puerto con una alta intensidad de hasta 24, 000 cd. Esta luminaria de precisi\u00f3n incluye la posibilidad de regular la intensidad desde 5% hasta 100% y admite una reducci\u00f3n opcional nocturna si es que se opera tanto en el d\u00eda como en la noche.<\/p>\n","protected":false},"featured_media":647,"template":"","meta":[],"product_cat":[39,38],"product_tag":[],"class_list":["post-231","product","type-product","status-publish","has-post-thumbnail","hentry","product_cat-linternas-marinas","product_cat-senalizacion-nautica"],"acf":[],"_links":{"self":[{"href":"https:\/\/lgtsolar.com\/tienda\/wp-json\/wp\/v2\/product\/231","targetHints":{"allow":["GET"]}}],"collection":[{"href":"https:\/\/lgtsolar.com\/tienda\/wp-json\/wp\/v2\/product"}],"about":[{"href":"https:\/\/lgtsolar.com\/tienda\/wp-json\/wp\/v2\/types\/product"}],"wp:featuredmedia":[{"embeddable":true,"href":"https:\/\/lgtsolar.com\/tienda\/wp-json\/wp\/v2\/media\/647"}],"wp:attachment":[{"href":"https:\/\/lgtsolar.com\/tienda\/wp-json\/wp\/v2\/media?parent=231"}],"wp:term":[{"taxonomy":"product_cat","embeddable":true,"href":"https:\/\/lgtsolar.com\/tienda\/wp-json\/wp\/v2\/product_cat?post=231"},{"taxonomy":"product_tag","embeddable":true,"href":"https:\/\/lgtsolar.com\/tienda\/wp-json\/wp\/v2\/product_tag?post=231"}],"curies":[{"name":"wp","href":"https:\/\/api.w.org\/{rel}","templated":true}]}}