{"id":232,"date":"2022-07-11T12:44:14","date_gmt":"2022-07-11T17:44:14","guid":{"rendered":"http:\/\/localhost\/lgt\/product\/transpondedor-ais-srt-carbon-tipo-3\/"},"modified":"2023-10-03T11:03:17","modified_gmt":"2023-10-03T16:03:17","slug":"transpondedor-ais-srt-carbon-tipo-3","status":"publish","type":"product","link":"https:\/\/lgtsolar.com\/tienda\/product\/transpondedor-ais-srt-carbon-tipo-3\/","title":{"rendered":"Transpondedor AIS SRT Carbon Tipo 3"},"content":{"rendered":"<p>AIS ATON tipo 3 certificado internacionalmente con el consumo energetico mas bajo. Amplio rango de funcionalidades, incluyendo la transmisi\u00f3n de ATON virtuales, transmisi\u00f3n de se\u00f1ales NMEA 2000 y compatibilidad con linternas y sensores externos. Equipo robusto preparado para una larga vida util en las zonas mas extremas desde el ecuador hasta los polos.<\/p>\n","protected":false},"excerpt":{"rendered":"<p>AIS ATON tipo 3 certificado internacionalmente con el consumo energetico mas bajo. Amplio rango de funcionalidades, incluyendo la transmisi\u00f3n de ATON virtuales, transmisi\u00f3n de se\u00f1ales NMEA 2000 y compatibilidad con linternas y sensores externos. Equipo robusto preparado para una larga vida util en las zonas mas extremas desde el ecuador hasta los polos.<\/p>\n","protected":false},"featured_media":518,"template":"","meta":[],"product_cat":[38,40],"product_tag":[],"class_list":["post-232","product","type-product","status-publish","has-post-thumbnail","hentry","product_cat-senalizacion-nautica","product_cat-transpondedor_ais_racon"],"acf":[],"_links":{"self":[{"href":"https:\/\/lgtsolar.com\/tienda\/wp-json\/wp\/v2\/product\/232","targetHints":{"allow":["GET"]}}],"collection":[{"href":"https:\/\/lgtsolar.com\/tienda\/wp-json\/wp\/v2\/product"}],"about":[{"href":"https:\/\/lgtsolar.com\/tienda\/wp-json\/wp\/v2\/types\/product"}],"wp:featuredmedia":[{"embeddable":true,"href":"https:\/\/lgtsolar.com\/tienda\/wp-json\/wp\/v2\/media\/518"}],"wp:attachment":[{"href":"https:\/\/lgtsolar.com\/tienda\/wp-json\/wp\/v2\/media?parent=232"}],"wp:term":[{"taxonomy":"product_cat","embeddable":true,"href":"https:\/\/lgtsolar.com\/tienda\/wp-json\/wp\/v2\/product_cat?post=232"},{"taxonomy":"product_tag","embeddable":true,"href":"https:\/\/lgtsolar.com\/tienda\/wp-json\/wp\/v2\/product_tag?post=232"}],"curies":[{"name":"wp","href":"https:\/\/api.w.org\/{rel}","templated":true}]}}