{"id":255,"date":"2022-07-11T12:45:16","date_gmt":"2022-07-11T17:45:16","guid":{"rendered":"http:\/\/localhost\/lgt\/product\/hapi-solar\/"},"modified":"2024-05-08T13:46:17","modified_gmt":"2024-05-08T18:46:17","slug":"hapi-solar","status":"publish","type":"product","link":"https:\/\/lgtsolar.com\/tienda\/product\/hapi-solar\/","title":{"rendered":"HAPI LED Solar"},"content":{"rendered":"","protected":false},"excerpt":{"rendered":"<p>Los Indicadores de Pista de Aproximaci\u00f3n de Helic\u00f3ptero (Helicopter Approach Path Indicator &#8211; HAPI) usan una hilera de arreglos porta-l\u00e1mparas (LHA\u2019s) instalada perpendicular a la pista. Los pilotos pueden determinar f\u00e1cilmente si su aproximaci\u00f3n es correcto, demasiado alta o demasiado baja.<\/p>\n","protected":false},"featured_media":710,"template":"","meta":[],"product_cat":[45,43],"product_tag":[],"class_list":["post-255","product","type-product","status-publish","has-post-thumbnail","hentry","product_cat-luces-de-helipuerto","product_cat-senalizacion-aeronautica"],"acf":[],"_links":{"self":[{"href":"https:\/\/lgtsolar.com\/tienda\/wp-json\/wp\/v2\/product\/255","targetHints":{"allow":["GET"]}}],"collection":[{"href":"https:\/\/lgtsolar.com\/tienda\/wp-json\/wp\/v2\/product"}],"about":[{"href":"https:\/\/lgtsolar.com\/tienda\/wp-json\/wp\/v2\/types\/product"}],"wp:featuredmedia":[{"embeddable":true,"href":"https:\/\/lgtsolar.com\/tienda\/wp-json\/wp\/v2\/media\/710"}],"wp:attachment":[{"href":"https:\/\/lgtsolar.com\/tienda\/wp-json\/wp\/v2\/media?parent=255"}],"wp:term":[{"taxonomy":"product_cat","embeddable":true,"href":"https:\/\/lgtsolar.com\/tienda\/wp-json\/wp\/v2\/product_cat?post=255"},{"taxonomy":"product_tag","embeddable":true,"href":"https:\/\/lgtsolar.com\/tienda\/wp-json\/wp\/v2\/product_tag?post=255"}],"curies":[{"name":"wp","href":"https:\/\/api.w.org\/{rel}","templated":true}]}}