{"id":275,"date":"2022-07-11T12:46:18","date_gmt":"2022-07-11T17:46:18","guid":{"rendered":"http:\/\/localhost\/lgt\/product\/bateria-para-baliza-ol800\/"},"modified":"2024-06-24T14:06:52","modified_gmt":"2024-06-24T19:06:52","slug":"ol800-3","status":"publish","type":"product","link":"https:\/\/lgtsolar.com\/tienda\/product\/ol800-3\/","title":{"rendered":"Baliza LED Solar OL800 Baja Intensidad"},"content":{"rendered":"","protected":false},"excerpt":{"rendered":"<p>La OL800 es una luminaria solar LED premium de obstrucci\u00f3n que cumple los requerimientos ICAO de tipo Ay B as\u00ed como FAA tipo L-810. Esta luminaria de f\u00e1cil instalaci\u00f3n y de m\u00ednimo mantenimiento esta disponible en 3 tama\u00f1os e incluye nuevas caracter\u00edsticas que la hacen m\u00e1s f\u00e1cil de usar.<\/p>\n","protected":false},"featured_media":386,"template":"","meta":[],"product_cat":[48,51,47,50],"product_tag":[],"class_list":["post-275","product","type-product","status-publish","has-post-thumbnail","hentry","product_cat-balizas-baja-intensidad","product_cat-balizas-para-mineria","product_cat-senalizacion-obstaculos","product_cat-senalizacion-vial"],"acf":[],"_links":{"self":[{"href":"https:\/\/lgtsolar.com\/tienda\/wp-json\/wp\/v2\/product\/275","targetHints":{"allow":["GET"]}}],"collection":[{"href":"https:\/\/lgtsolar.com\/tienda\/wp-json\/wp\/v2\/product"}],"about":[{"href":"https:\/\/lgtsolar.com\/tienda\/wp-json\/wp\/v2\/types\/product"}],"wp:featuredmedia":[{"embeddable":true,"href":"https:\/\/lgtsolar.com\/tienda\/wp-json\/wp\/v2\/media\/386"}],"wp:attachment":[{"href":"https:\/\/lgtsolar.com\/tienda\/wp-json\/wp\/v2\/media?parent=275"}],"wp:term":[{"taxonomy":"product_cat","embeddable":true,"href":"https:\/\/lgtsolar.com\/tienda\/wp-json\/wp\/v2\/product_cat?post=275"},{"taxonomy":"product_tag","embeddable":true,"href":"https:\/\/lgtsolar.com\/tienda\/wp-json\/wp\/v2\/product_tag?post=275"}],"curies":[{"name":"wp","href":"https:\/\/api.w.org\/{rel}","templated":true}]}}